{"id":54081,"date":"2025-05-23T16:57:49","date_gmt":"2025-05-23T16:57:49","guid":{"rendered":"https:\/\/veloop.se\/?post_type=product&#038;p=54081"},"modified":"2025-12-03T20:19:40","modified_gmt":"2025-12-03T20:19:40","slug":"art-yenka-mini","status":"publish","type":"product","link":"https:\/\/veloop.se\/sv\/produkt\/art-yenka-mini\/","title":{"rendered":"Art Yenka Mini"},"content":{"rendered":"<p><img decoding=\"async\" src=\"https:\/\/v3-media-se.snusbolaget.se\/sesnusbo\/files\/warninglabels\/NicotineWarningLabel_ProductListPage_Desktop.svg\" alt=\"18 \u00e5rsgr\u00e4ns\" \/><\/p>\n<h1>Art Mini Yenka<\/h1>\n<p>Art Mini Yenka en miniprilla med sin unika Silk Technologi. V\u00e5r innovativa teknologi s\u00e4kerst\u00e4ller en ren uppfriskande smak som varar l\u00e4nge En av de mest framst\u00e5ende egenskaperna hos ART Silk Technology \u00e4r dess f\u00f6rm\u00e5ga att eliminera den svidande k\u00e4nslan. Silk Technologi som inneb\u00e4r att den br\u00e4nnande k\u00e4nslan som ibland kan k\u00e4nnas f\u00f6r mycket uteblir. Prillan har en l\u00e5ng fr\u00e4sh smak utan att br\u00e4nna, Zero burn! Smaken \u00e4r wintergreen mint<\/p>","protected":false},"excerpt":{"rendered":"<h1>Art Yenka Mini<\/h1>\n<p>Art Mini Yenka en miniprilla med sin unika Silk Technologi. V\u00e5r innovativa teknologi s\u00e4kerst\u00e4ller en ren uppfriskande smak som varar l\u00e4nge En av de mest framst\u00e5ende egenskaperna hos ART Silk Technology \u00e4r dess f\u00f6rm\u00e5ga att eliminera den svidande k\u00e4nslan. Silk Technologi som inneb\u00e4r att den br\u00e4nnande k\u00e4nslan som ibland kan k\u00e4nnas f\u00f6r mycket uteblir. Prillan har en l\u00e5ng fr\u00e4sh smak utan att br\u00e4nna, Zero burn! Smaken \u00e4r wintergreen mint<\/p>","protected":false},"featured_media":26641,"comment_status":"open","ping_status":"closed","template":"","meta":[],"product_brand":[],"product_cat":[136],"product_tag":[],"class_list":{"0":"post-54081","1":"product","2":"type-product","3":"status-publish","4":"has-post-thumbnail","6":"product_cat-all-whites","8":"first","9":"instock","10":"taxable","11":"shipping-taxable","12":"purchasable","13":"product-type-variable"},"_links":{"self":[{"href":"https:\/\/veloop.se\/sv\/wp-json\/wp\/v2\/product\/54081","targetHints":{"allow":["GET"]}}],"collection":[{"href":"https:\/\/veloop.se\/sv\/wp-json\/wp\/v2\/product"}],"about":[{"href":"https:\/\/veloop.se\/sv\/wp-json\/wp\/v2\/types\/product"}],"replies":[{"embeddable":true,"href":"https:\/\/veloop.se\/sv\/wp-json\/wp\/v2\/comments?post=54081"}],"version-history":[{"count":0,"href":"https:\/\/veloop.se\/sv\/wp-json\/wp\/v2\/product\/54081\/revisions"}],"wp:featuredmedia":[{"embeddable":true,"href":"https:\/\/veloop.se\/sv\/wp-json\/wp\/v2\/media\/26641"}],"wp:attachment":[{"href":"https:\/\/veloop.se\/sv\/wp-json\/wp\/v2\/media?parent=54081"}],"wp:term":[{"taxonomy":"product_brand","embeddable":true,"href":"https:\/\/veloop.se\/sv\/wp-json\/wp\/v2\/product_brand?post=54081"},{"taxonomy":"product_cat","embeddable":true,"href":"https:\/\/veloop.se\/sv\/wp-json\/wp\/v2\/product_cat?post=54081"},{"taxonomy":"product_tag","embeddable":true,"href":"https:\/\/veloop.se\/sv\/wp-json\/wp\/v2\/product_tag?post=54081"}],"curies":[{"name":"wp","href":"https:\/\/api.w.org\/{rel}","templated":true}]}}