{"id":53996,"date":"2025-05-23T16:57:44","date_gmt":"2025-05-23T16:57:44","guid":{"rendered":"https:\/\/veloop.se\/?post_type=product&#038;p=53996"},"modified":"2026-01-30T17:32:38","modified_gmt":"2026-01-30T17:32:38","slug":"velo-arctic-grapefruit","status":"publish","type":"product","link":"https:\/\/veloop.se\/sv\/produkt\/velo-arctic-grapefruit\/","title":{"rendered":"VELO Arctic Grapefruit"},"content":{"rendered":"<h1><strong data-start=\"1703\" data-end=\"1729\">VELO Arctic Grapefruit<\/strong><\/h1>\n<h2 data-start=\"241\" data-end=\"312\">VELO Arctic Grapefruit \u2013 Frisk och fruktig smak med kylig grapefrukt<\/h2>\n<p data-start=\"314\" data-end=\"726\"><strong data-start=\"314\" data-end=\"340\">VELO Arctic Grapefruit<\/strong> kombinerar <strong data-start=\"352\" data-end=\"388\">frisk citrus med isande fr\u00e4sch\u00f6r<\/strong> i ett tobaksfritt vitt snus. Smaken av grapefrukt \u00e4r b\u00e5de fruktig och l\u00e4tt bitter \u2013 perfekt balanserad med en kall underton som ger en uppiggande k\u00e4nsla vid varje anv\u00e4ndning. Produkten kommer i <strong data-start=\"583\" data-end=\"598\">slim-format<\/strong> och inneh\u00e5ller <strong data-start=\"614\" data-end=\"636\">nikotin utan tobak<\/strong>, vilket g\u00f6r den till ett diskret, fr\u00e4scht och modernt alternativ till traditionellt snus.<\/p>\n<p data-start=\"728\" data-end=\"859\">VELO Arctic Grapefruit passar dig som vill ha n\u00e5got annorlunda \u2013 en unik smakprofil med kylande effekt och mellanstark nikotinkick.<\/p>\n<hr data-start=\"861\" data-end=\"864\" \/>\n<h3 data-start=\"866\" data-end=\"908\">\u2714\ufe0f F\u00f6rdelar med VELO Arctic Grapefruit<\/h3>\n<ul data-start=\"910\" data-end=\"1117\">\n<li data-start=\"910\" data-end=\"956\">\n<p data-start=\"912\" data-end=\"956\"><strong data-start=\"912\" data-end=\"954\">Iskall grapefrukt med fruktig friskhet<\/strong><\/p>\n<\/li>\n<li data-start=\"957\" data-end=\"998\">\n<p data-start=\"959\" data-end=\"998\"><strong data-start=\"959\" data-end=\"996\">Slim-format \u2013 diskret och bekv\u00e4mt<\/strong><\/p>\n<\/li>\n<li data-start=\"999\" data-end=\"1028\">\n<p data-start=\"1001\" data-end=\"1028\"><strong data-start=\"1001\" data-end=\"1026\">Tobaksfritt vitt snus<\/strong><\/p>\n<\/li>\n<li data-start=\"1029\" data-end=\"1066\">\n<p data-start=\"1031\" data-end=\"1066\"><strong data-start=\"1031\" data-end=\"1064\">Mellanstark nikotinupplevelse<\/strong><\/p>\n<\/li>\n<li data-start=\"1067\" data-end=\"1117\">\n<p data-start=\"1069\" data-end=\"1117\"><strong data-start=\"1069\" data-end=\"1117\">Tillverkad av British American Tobacco (BAT)<\/strong><\/p>\n<\/li>\n<\/ul>\n<hr data-start=\"1119\" data-end=\"1122\" \/>\n<h3 data-start=\"1124\" data-end=\"1154\">\ud83c\udf4a Produktspecifikationer:<\/h3>\n<ul data-start=\"1156\" data-end=\"1461\">\n<li data-start=\"1156\" data-end=\"1195\">\n<p data-start=\"1158\" data-end=\"1195\"><strong data-start=\"1158\" data-end=\"1170\">Produkt:<\/strong> VELO Arctic Grapefruit<\/p>\n<\/li>\n<li data-start=\"1196\" data-end=\"1236\">\n<p data-start=\"1198\" data-end=\"1236\"><strong data-start=\"1198\" data-end=\"1207\">Smak:<\/strong> Grapefrukt med kylande ton<\/p>\n<\/li>\n<li data-start=\"1237\" data-end=\"1273\">\n<p data-start=\"1239\" data-end=\"1273\"><strong data-start=\"1239\" data-end=\"1247\">Typ:<\/strong> Vitt snus (tobaksfritt)<\/p>\n<\/li>\n<li data-start=\"1274\" data-end=\"1294\">\n<p data-start=\"1276\" data-end=\"1294\"><strong data-start=\"1276\" data-end=\"1287\">Format:<\/strong> Slim<\/p>\n<\/li>\n<li data-start=\"1295\" data-end=\"1322\">\n<p data-start=\"1297\" data-end=\"1322\"><strong data-start=\"1297\" data-end=\"1308\">Styrka:<\/strong> Mellanstark<\/p>\n<\/li>\n<li data-start=\"1323\" data-end=\"1374\">\n<p data-start=\"1325\" data-end=\"1374\"><strong data-start=\"1325\" data-end=\"1341\">Nikotinhalt:<\/strong> ca 10 mg\/portion (kan variera)<\/p>\n<\/li>\n<li data-start=\"1375\" data-end=\"1411\">\n<p data-start=\"1377\" data-end=\"1411\"><strong data-start=\"1377\" data-end=\"1406\">Antal portioner per dosa:<\/strong> 20<\/p>\n<\/li>\n<li data-start=\"1412\" data-end=\"1461\">\n<p data-start=\"1414\" data-end=\"1461\"><strong data-start=\"1414\" data-end=\"1430\">Tillverkare:<\/strong> British American Tobacco (BAT)<\/p>\n<\/li>\n<\/ul>\n<hr data-start=\"1463\" data-end=\"1466\" \/>\n<h2 data-start=\"1468\" data-end=\"1508\">\ud83c\udf08 Hela VELO-sortimentet p\u00e5 Veloop.se<\/h2>\n<p data-start=\"1510\" data-end=\"1663\">P\u00e5 <strong data-start=\"1513\" data-end=\"1526\">Veloop.se<\/strong> hittar du ett komplett utbud av VELO:s tobaksfria snus \u2013 fr\u00e5n milda smaker till starka nikotinupplevelser. H\u00e4r \u00e4r v\u00e5r uppdaterade lista:<\/p>\n<ul data-start=\"1665\" data-end=\"3594\">\n<li data-start=\"1665\" data-end=\"1728\">\n<p data-start=\"1667\" data-end=\"1728\"><strong data-start=\"1667\" data-end=\"1693\">VELO Arctic Grapefruit<\/strong> \u2013 Frisk grapefrukt med kylig ton<\/p>\n<\/li>\n<li data-start=\"1729\" data-end=\"1784\">\n<p data-start=\"1731\" data-end=\"1784\"><strong data-start=\"1731\" data-end=\"1754\">VELO Blue Raspberry<\/strong> \u2013 S\u00f6t och syrlig bl\u00e5 hallon<\/p>\n<\/li>\n<li data-start=\"1785\" data-end=\"1835\">\n<p data-start=\"1787\" data-end=\"1835\"><strong data-start=\"1787\" data-end=\"1808\">VELO Blushy Berry<\/strong> \u2013 Mjuk smak av ljusa b\u00e4r<\/p>\n<\/li>\n<li data-start=\"1836\" data-end=\"1889\">\n<p data-start=\"1838\" data-end=\"1889\"><strong data-start=\"1838\" data-end=\"1859\">VELO Breezy Mango<\/strong> \u2013 L\u00e4tt och tropisk mangoton<\/p>\n<\/li>\n<li data-start=\"1890\" data-end=\"1949\">\n<p data-start=\"1892\" data-end=\"1949\"><strong data-start=\"1892\" data-end=\"1922\">VELO Bright Spearmint Mini<\/strong> \u2013 Mild och s\u00f6t spearmint<\/p>\n<\/li>\n<li data-start=\"1950\" data-end=\"2018\">\n<p data-start=\"1952\" data-end=\"2018\"><strong data-start=\"1952\" data-end=\"1983\">VELO Crispy Peppermint Mini<\/strong> \u2013 Stark pepparmint i mini-format<\/p>\n<\/li>\n<li data-start=\"2019\" data-end=\"2095\">\n<p data-start=\"2021\" data-end=\"2095\"><strong data-start=\"2021\" data-end=\"2052\">VELO Crispy Peppermint Slim<\/strong> \u2013 Klassisk pepparmint med kylande effekt<\/p>\n<\/li>\n<li data-start=\"2096\" data-end=\"2169\">\n<p data-start=\"2098\" data-end=\"2169\"><strong data-start=\"2098\" data-end=\"2129\">VELO Crispy Peppermint Zero<\/strong> \u2013 Tobaksfri och nikotinfri pepparmint<\/p>\n<\/li>\n<li data-start=\"2170\" data-end=\"2253\">\n<p data-start=\"2172\" data-end=\"2253\"><strong data-start=\"2172\" data-end=\"2208\">VELO Freezing Peppermint 10,9 MG<\/strong> \u2013 Isig och frisk pepparmint, medium styrka<\/p>\n<\/li>\n<li data-start=\"2254\" data-end=\"2326\">\n<p data-start=\"2256\" data-end=\"2326\"><strong data-start=\"2256\" data-end=\"2290\">VELO Freezing Peppermint 14 MG<\/strong> \u2013 Iskall pepparmint, stark styrka<\/p>\n<\/li>\n<li data-start=\"2327\" data-end=\"2396\">\n<p data-start=\"2329\" data-end=\"2396\"><strong data-start=\"2329\" data-end=\"2363\">VELO Freezing Peppermint 17 MG<\/strong> \u2013 Maxad kyla och nikotinstyrka<\/p>\n<\/li>\n<li data-start=\"2397\" data-end=\"2462\">\n<p data-start=\"2399\" data-end=\"2462\"><strong data-start=\"2399\" data-end=\"2423\">VELO Green Spearmint<\/strong> \u2013 Fr\u00e4sch spearmint med mjuk karakt\u00e4r<\/p>\n<\/li>\n<li data-start=\"2463\" data-end=\"2531\">\n<p data-start=\"2465\" data-end=\"2531\"><strong data-start=\"2465\" data-end=\"2491\">VELO Groovy Grape Mini<\/strong> \u2013 L\u00e4tt och s\u00f6t druvsmak i mini-format<\/p>\n<\/li>\n<li data-start=\"2532\" data-end=\"2584\">\n<p data-start=\"2534\" data-end=\"2584\"><strong data-start=\"2534\" data-end=\"2554\">VELO Icy Berries<\/strong> \u2013 B\u00e4rmix med kylande k\u00e4nsla<\/p>\n<\/li>\n<li data-start=\"2585\" data-end=\"2641\">\n<p data-start=\"2587\" data-end=\"2641\"><strong data-start=\"2587\" data-end=\"2606\">VELO Icy Cherry<\/strong> \u2013 S\u00f6t k\u00f6rsb\u00e4rssmak med sval mint<\/p>\n<\/li>\n<li data-start=\"2642\" data-end=\"2695\">\n<p data-start=\"2644\" data-end=\"2695\"><strong data-start=\"2644\" data-end=\"2663\">VELO Lime Flame<\/strong> \u2013 Syrlig lime med citrussting<\/p>\n<\/li>\n<li data-start=\"2696\" data-end=\"2754\">\n<p data-start=\"2698\" data-end=\"2754\"><strong data-start=\"2698\" data-end=\"2718\">VELO Mango Flame<\/strong> \u2013 Fruktig mango med kryddig hetta<\/p>\n<\/li>\n<li data-start=\"2755\" data-end=\"2813\">\n<p data-start=\"2757\" data-end=\"2813\"><strong data-start=\"2757\" data-end=\"2786\">VELO McLaren Sweet Papaya<\/strong> \u2013 Exotisk och s\u00f6t papaya<\/p>\n<\/li>\n<li data-start=\"2814\" data-end=\"2870\">\n<p data-start=\"2816\" data-end=\"2870\"><strong data-start=\"2816\" data-end=\"2837\">VELO Orange Spark<\/strong> \u2013 Frisk apelsin med citruskick<\/p>\n<\/li>\n<li data-start=\"2871\" data-end=\"2943\">\n<p data-start=\"2873\" data-end=\"2943\"><strong data-start=\"2873\" data-end=\"2898\">VELO Peppermint Storm<\/strong> \u2013 Intensiv pepparmint med kraftfull effekt<\/p>\n<\/li>\n<li data-start=\"2944\" data-end=\"3003\">\n<p data-start=\"2946\" data-end=\"3003\"><strong data-start=\"2946\" data-end=\"2971\">VELO Punchy Lime Mini<\/strong> \u2013 Skarp lime i kompakt format<\/p>\n<\/li>\n<li data-start=\"3004\" data-end=\"3071\">\n<p data-start=\"3006\" data-end=\"3071\"><strong data-start=\"3006\" data-end=\"3032\">VELO Purple Grape Mini<\/strong> \u2013 S\u00f6t och saftig druva i mini-format<\/p>\n<\/li>\n<li data-start=\"3072\" data-end=\"3142\">\n<p data-start=\"3074\" data-end=\"3142\"><strong data-start=\"3074\" data-end=\"3102\">VELO Purple Grape Strong<\/strong> \u2013 Djup druvsmak med stark nikotinkick<\/p>\n<\/li>\n<li data-start=\"3143\" data-end=\"3206\">\n<p data-start=\"3145\" data-end=\"3206\"><strong data-start=\"3145\" data-end=\"3169\">VELO Salty Liquorice<\/strong> \u2013 Saltlakrits med kraftig karakt\u00e4r<\/p>\n<\/li>\n<li data-start=\"3207\" data-end=\"3270\">\n<p data-start=\"3209\" data-end=\"3270\"><strong data-start=\"3209\" data-end=\"3239\">VELO Simply Spearmint Mini<\/strong> \u2013 Enkel och fr\u00e4sch spearmint<\/p>\n<\/li>\n<li data-start=\"3271\" data-end=\"3336\">\n<p data-start=\"3273\" data-end=\"3336\"><strong data-start=\"3273\" data-end=\"3296\">VELO Sour Lime Mini<\/strong> \u2013 Syrlig lime med tydlig citrusprofil<\/p>\n<\/li>\n<li data-start=\"3337\" data-end=\"3404\">\n<p data-start=\"3339\" data-end=\"3404\"><strong data-start=\"3339\" data-end=\"3368\">VELO Tropical Mango 14 MG<\/strong> \u2013 S\u00f6t mango med tropisk fyllighet<\/p>\n<\/li>\n<li data-start=\"3405\" data-end=\"3458\">\n<p data-start=\"3407\" data-end=\"3458\"><strong data-start=\"3407\" data-end=\"3435\">VELO Tropical Mango Zero<\/strong> \u2013 Mango utan nikotin<\/p>\n<\/li>\n<li data-start=\"3459\" data-end=\"3524\">\n<p data-start=\"3461\" data-end=\"3524\"><strong data-start=\"3461\" data-end=\"3492\">VELO Wintry Watermelon Mini<\/strong> \u2013 Vattenmelon med mintig kyla<\/p>\n<\/li>\n<li data-start=\"3525\" data-end=\"3594\">\n<p data-start=\"3527\" data-end=\"3594\"><strong data-start=\"3527\" data-end=\"3553\">VELO Zesty Elderflower<\/strong> \u2013 Blommig fl\u00e4der med frisk citrusnyans<\/p>\n<\/li>\n<\/ul>\n<hr data-start=\"3596\" data-end=\"3599\" \/>\n<h2 data-start=\"3601\" data-end=\"3650\">\ud83d\ude80 Best\u00e4ll VELO Arctic Grapefruit p\u00e5 Veloop.se<\/h2>\n<p data-start=\"3652\" data-end=\"3845\">V\u00e4lj VELO Arctic Grapefruit om du gillar citrus med ett uppfriskande mentoltouch. Best\u00e4ll enkelt och tryggt fr\u00e5n <strong data-start=\"3765\" data-end=\"3778\">Veloop.se<\/strong> \u2013 vi har snabb leverans och ett av marknadens bredaste VELO-utbud.<\/p>\n<p data-start=\"3847\" data-end=\"3957\">\ud83d\uded2 <strong data-start=\"3850\" data-end=\"3957\"><a class=\"\" href=\"https:\/\/veloop.se\/sv\/produkt-kategori\/velo\/\" target=\"_new\" rel=\"noopener\" data-start=\"3852\" data-end=\"3955\">Klicka hem din favorit fr\u00e5n VELO idag \u2013 bara hos Veloop.se!<\/a><\/strong><\/p>","protected":false},"excerpt":{"rendered":"<h1 data-start=\"3601\" data-end=\"3650\">VELO Arctic Grapefruit<\/h1>\n<h2>VELO Arctic Grapefruit \u2013 Frisk smak av citrus | Veloop.se<\/h2>\n<p>Prova VELO Arctic Grapefruit \u2013 tobaksfritt snus med kall grapefruktsmak. Slim-format och mellanstark nikotin. K\u00f6p hos Veloop.se!<\/p>\n<p>\ud83d\uded2 <strong data-start=\"3850\" data-end=\"3957\"><a class=\"\" href=\"https:\/\/veloop.se\/sv\/produkt-kategori\/velo\/\" target=\"_new\" rel=\"noopener\" data-start=\"3852\" data-end=\"3955\">Klicka hem din favorit fr\u00e5n VELO idag \u2013 bara hos Veloop.se!<\/a><\/strong><\/p>","protected":false},"featured_media":60569,"comment_status":"open","ping_status":"closed","template":"","meta":[],"product_brand":[326],"product_cat":[136,137,255],"product_tag":[],"class_list":{"0":"post-53996","1":"product","2":"type-product","3":"status-publish","4":"has-post-thumbnail","6":"product_brand-velo","7":"product_cat-all-whites","8":"product_cat-slim","9":"product_cat-velo","11":"first","12":"instock","13":"taxable","14":"shipping-taxable","15":"purchasable","16":"product-type-variable"},"_links":{"self":[{"href":"https:\/\/veloop.se\/sv\/wp-json\/wp\/v2\/product\/53996","targetHints":{"allow":["GET"]}}],"collection":[{"href":"https:\/\/veloop.se\/sv\/wp-json\/wp\/v2\/product"}],"about":[{"href":"https:\/\/veloop.se\/sv\/wp-json\/wp\/v2\/types\/product"}],"replies":[{"embeddable":true,"href":"https:\/\/veloop.se\/sv\/wp-json\/wp\/v2\/comments?post=53996"}],"version-history":[{"count":0,"href":"https:\/\/veloop.se\/sv\/wp-json\/wp\/v2\/product\/53996\/revisions"}],"wp:featuredmedia":[{"embeddable":true,"href":"https:\/\/veloop.se\/sv\/wp-json\/wp\/v2\/media\/60569"}],"wp:attachment":[{"href":"https:\/\/veloop.se\/sv\/wp-json\/wp\/v2\/media?parent=53996"}],"wp:term":[{"taxonomy":"product_brand","embeddable":true,"href":"https:\/\/veloop.se\/sv\/wp-json\/wp\/v2\/product_brand?post=53996"},{"taxonomy":"product_cat","embeddable":true,"href":"https:\/\/veloop.se\/sv\/wp-json\/wp\/v2\/product_cat?post=53996"},{"taxonomy":"product_tag","embeddable":true,"href":"https:\/\/veloop.se\/sv\/wp-json\/wp\/v2\/product_tag?post=53996"}],"curies":[{"name":"wp","href":"https:\/\/api.w.org\/{rel}","templated":true}]}}