{"id":53953,"date":"2025-05-23T16:57:41","date_gmt":"2025-05-23T16:57:41","guid":{"rendered":"https:\/\/veloop.se\/?post_type=product&#038;p=53953"},"modified":"2025-12-03T19:51:01","modified_gmt":"2025-12-03T19:51:01","slug":"vid-watermelon","status":"publish","type":"product","link":"https:\/\/veloop.se\/sv\/produkt\/vid-watermelon\/","title":{"rendered":"VID Watermelon"},"content":{"rendered":"<article><img decoding=\"async\" src=\"https:\/\/v3-media-se.snusbolaget.se\/sesnusbo\/files\/warninglabels\/NicotineWarningLabel_ProductListPage_Desktop.svg\" alt=\"18 \u00e5rsgr\u00e4ns\" \/><\/article>\n<article class=\"product-text\">VID Watermelon har en s\u00f6t smak av vattenmelon. Portionerna \u00e4r slimmade och har en stark nikotinstyrka.<\/article>\n<article class=\"product-text\">\n<h2>Om produkten VID Watermelon Slim Strong<\/h2>\n<\/article>\n<article class=\"product-text\">VID Watermelon\u00a0\u00e4r starka och maxad med en s\u00f6t smak av vattenmelon. Portionerna \u00e4r slimmade och inneh\u00e5ller 12\u00a0mg nikotin per gram.VID \u00e4r en helt ny nikotinportion med olika sp\u00e4nnande smakkombinationer, helt fri fr\u00e5n\u00a0tobak. VIDs dosor \u00e4r Co2-utsl\u00e4ppsneutrala, b\u00e5de g\u00e4llande tillverkning\u00a0och material.<\/p>\n<table class=\"product-specs\">\n<thead>\n<tr>\n<th>Fakta om produkten<\/th>\n<th class=\"text-right\"><\/th>\n<\/tr>\n<\/thead>\n<tbody>\n<tr>\n<td class=\"spec-key\">Varum\u00e4rke<\/td>\n<td class=\"spec-value text-right\">VID<\/td>\n<\/tr>\n<tr>\n<td class=\"spec-key\">Produkttyp<\/td>\n<td class=\"spec -value text-right\">all white portion<\/td>\n<\/tr>\n<tr>\n<td class=\"spec-key\">Nikotinhalt<\/td>\n<td class=\"spec -value text-right\">12 mg\/g<\/td>\n<\/tr>\n<tr>\n<td class=\"spec-key\">Smak<\/td>\n<td class=\"spec -value text-right\">frukt<\/td>\n<\/tr>\n<tr>\n<td class=\"spec-key\">Inneh\u00e5ll\/f\u00f6rpackning<\/td>\n<td class=\"spec -value text-right\">15,4 g<\/td>\n<\/tr>\n<tr>\n<td class=\"spec-key\">Snustyp<\/td>\n<td class=\"spec -value text-right\">Slim All White Strong<\/td>\n<\/tr>\n<tr>\n<td class=\"spec-key\">Format<\/td>\n<td class=\"spec -value text-right\">Slim<\/td>\n<\/tr>\n<tr>\n<td class=\"spec-key\">Producent<\/td>\n<td class=\"spec-value text-right\">Kurbits Snus AB<\/td>\n<\/tr>\n<\/tbody>\n<\/table>\n<\/article>","protected":false},"excerpt":{"rendered":"<article class=\"product-text\">VID Watermelon har en s\u00f6t smak av vattenmelon. Portionerna \u00e4r slimmade och har en stark nikotinstyrka.<\/article>\n<article class=\"product-text\">\n<h2>Om produkten VID Watermelon Slim Strong<\/h2>\n<\/article>\n<article class=\"product-text\">VID Watermelon\u00a0\u00e4r starka och maxad med en s\u00f6t smak av vattenmelon. Portionerna \u00e4r slimmade och inneh\u00e5ller 12\u00a0mg nikotin per gram.VID \u00e4r en helt ny nikotinportion med olika sp\u00e4nnande smakkombinationer, helt fri fr\u00e5n\u00a0tobak. VIDs dosor \u00e4r Co2-utsl\u00e4ppsneutrala, b\u00e5de g\u00e4llande tillverkning\u00a0och material.<\/p>\n<\/article>","protected":false},"featured_media":18429,"comment_status":"open","ping_status":"closed","template":"","meta":[],"product_brand":[],"product_cat":[136],"product_tag":[],"class_list":{"0":"post-53953","1":"product","2":"type-product","3":"status-publish","4":"has-post-thumbnail","6":"product_cat-all-whites","8":"first","9":"instock","10":"taxable","11":"shipping-taxable","12":"purchasable","13":"product-type-variable"},"_links":{"self":[{"href":"https:\/\/veloop.se\/sv\/wp-json\/wp\/v2\/product\/53953","targetHints":{"allow":["GET"]}}],"collection":[{"href":"https:\/\/veloop.se\/sv\/wp-json\/wp\/v2\/product"}],"about":[{"href":"https:\/\/veloop.se\/sv\/wp-json\/wp\/v2\/types\/product"}],"replies":[{"embeddable":true,"href":"https:\/\/veloop.se\/sv\/wp-json\/wp\/v2\/comments?post=53953"}],"version-history":[{"count":0,"href":"https:\/\/veloop.se\/sv\/wp-json\/wp\/v2\/product\/53953\/revisions"}],"wp:featuredmedia":[{"embeddable":true,"href":"https:\/\/veloop.se\/sv\/wp-json\/wp\/v2\/media\/18429"}],"wp:attachment":[{"href":"https:\/\/veloop.se\/sv\/wp-json\/wp\/v2\/media?parent=53953"}],"wp:term":[{"taxonomy":"product_brand","embeddable":true,"href":"https:\/\/veloop.se\/sv\/wp-json\/wp\/v2\/product_brand?post=53953"},{"taxonomy":"product_cat","embeddable":true,"href":"https:\/\/veloop.se\/sv\/wp-json\/wp\/v2\/product_cat?post=53953"},{"taxonomy":"product_tag","embeddable":true,"href":"https:\/\/veloop.se\/sv\/wp-json\/wp\/v2\/product_tag?post=53953"}],"curies":[{"name":"wp","href":"https:\/\/api.w.org\/{rel}","templated":true}]}}