{"id":52938,"date":"2025-05-23T16:56:25","date_gmt":"2025-05-23T16:56:25","guid":{"rendered":"https:\/\/veloop.se\/?post_type=product&#038;p=52938"},"modified":"2026-01-30T17:44:08","modified_gmt":"2026-01-30T17:44:08","slug":"ettan-original-portion","status":"publish","type":"product","link":"https:\/\/veloop.se\/sv\/produkt\/ettan-original-portion\/","title":{"rendered":"Ettan Original Portion"},"content":{"rendered":"<h1 data-start=\"320\" data-end=\"355\">\ud83d\udfe4 <strong data-start=\"327\" data-end=\"353\">Ettan Original Portion<\/strong><\/h1>\n<h2 data-start=\"356\" data-end=\"420\"><strong data-start=\"356\" data-end=\"420\">\ud83d\udfe4 Ren Tobakssmak med Anor \u2013 Svenskt Originalsnus sedan 1822<\/strong><\/h2>\n<p data-start=\"422\" data-end=\"826\"><strong data-start=\"422\" data-end=\"448\">Ettan Original Portion<\/strong> \u00e4r ett av Sveriges \u00e4ldsta och mest klassiska snusvarum\u00e4rken \u2013 och det perfekta valet f\u00f6r dig som uppskattar en ren, of\u00f6r\u00e4ndrad tobakssmak. Sedan 1822 har Ettan levererat en robust och traditionell smak, helt utan tillsatta aromer. I originalportion f\u00e5r du den klassiska tobakskarakt\u00e4ren med en l\u00e4tt s\u00e4lta och naturlig r\u00f6kighet, vilket ger en autentisk och \u00e4rlig snusupplevelse.<\/p>\n<p data-start=\"828\" data-end=\"1054\">Portionerna \u00e4r fuktiga p\u00e5 ytan, vilket ger snabb fris\u00e4ttning av smak och nikotin. Perfekt f\u00f6r dig som vill ha ett p\u00e5litligt snus med l\u00e5ng historia, tydlig karakt\u00e4r och v\u00e4lbalanserad styrka \u2013 utan distraktion fr\u00e5n smaks\u00e4ttning.<\/p>\n<hr data-start=\"1056\" data-end=\"1059\" \/>\n<p data-start=\"1061\" data-end=\"1113\">\ud83d\udd0d <strong data-start=\"1064\" data-end=\"1111\">Produktinformation \u2013 Ettan Original Portion<\/strong><\/p>\n<ul data-start=\"1114\" data-end=\"1395\">\n<li data-start=\"1114\" data-end=\"1138\">\n<p data-start=\"1116\" data-end=\"1138\"><strong data-start=\"1116\" data-end=\"1130\">Varum\u00e4rke:<\/strong> Ettan<\/p>\n<\/li>\n<li data-start=\"1139\" data-end=\"1168\">\n<p data-start=\"1141\" data-end=\"1168\"><strong data-start=\"1141\" data-end=\"1149\">Typ:<\/strong> Original Portion<\/p>\n<\/li>\n<li data-start=\"1169\" data-end=\"1220\">\n<p data-start=\"1171\" data-end=\"1220\"><strong data-start=\"1171\" data-end=\"1186\">Smakprofil:<\/strong> Ren tobak, s\u00e4lta, l\u00e4tt r\u00f6kighet<\/p>\n<\/li>\n<li data-start=\"1221\" data-end=\"1242\">\n<p data-start=\"1223\" data-end=\"1242\"><strong data-start=\"1223\" data-end=\"1234\">Format:<\/strong> Large<\/p>\n<\/li>\n<li data-start=\"1243\" data-end=\"1265\">\n<p data-start=\"1245\" data-end=\"1265\"><strong data-start=\"1245\" data-end=\"1256\">Styrka:<\/strong> Normal<\/p>\n<\/li>\n<li data-start=\"1266\" data-end=\"1310\">\n<p data-start=\"1268\" data-end=\"1310\"><strong data-start=\"1268\" data-end=\"1284\">Nikotinhalt:<\/strong> ca 0,8 % (ca 8 mg\/p\u00e5se)<\/p>\n<\/li>\n<li data-start=\"1311\" data-end=\"1344\">\n<p data-start=\"1313\" data-end=\"1344\"><strong data-start=\"1313\" data-end=\"1333\">Antal portioner:<\/strong> ca 24 st<\/p>\n<\/li>\n<li data-start=\"1345\" data-end=\"1373\">\n<p data-start=\"1347\" data-end=\"1373\"><strong data-start=\"1347\" data-end=\"1361\">Nettovikt:<\/strong> ca 21,6 g<\/p>\n<\/li>\n<li data-start=\"1374\" data-end=\"1395\">\n<p data-start=\"1376\" data-end=\"1395\"><strong data-start=\"1376\" data-end=\"1389\">Fukthalt:<\/strong> H\u00f6g<\/p>\n<\/li>\n<\/ul>\n<hr data-start=\"1397\" data-end=\"1400\" \/>\n<p data-start=\"1402\" data-end=\"1751\">\u2b50 <strong data-start=\"1404\" data-end=\"1453\">D\u00e4rf\u00f6r v\u00e4ljer snusare Ettan Original Portion:<\/strong><br data-start=\"1453\" data-end=\"1456\" \/>\u2705 Tydlig och autentisk tobakssmak \u2013 utan tillsatt arom<br data-start=\"1510\" data-end=\"1513\" \/>\u2705 Originalportion med fuktig yta f\u00f6r snabb smakrelease<br data-start=\"1567\" data-end=\"1570\" \/>\u2705 Ett av Sveriges mest klassiska och v\u00e4lk\u00e4nda snus<br data-start=\"1620\" data-end=\"1623\" \/>\u2705 \u00c5terkommande favorit tillsammans med:<br data-start=\"1662\" data-end=\"1665\" \/><strong data-start=\"1665\" data-end=\"1751\">Grov Original, General Original Portion, Kaliber Original, G\u00f6teborgs Rap\u00e9 Original<\/strong><\/p>\n<hr data-start=\"1753\" data-end=\"1756\" \/>\n<p data-start=\"1758\" data-end=\"2006\">\ud83d\uded2 <strong data-start=\"1761\" data-end=\"1805\">K\u00f6p Ettan Original Portion hos Veloop.se<\/strong><br data-start=\"1805\" data-end=\"1808\" \/>Hos <strong data-start=\"1812\" data-end=\"1825\">Veloop.se<\/strong> f\u00e5r du alltid f\u00e4rskt snus, snabb leverans och konkurrenskraftiga priser. Ettan Original \u00e4r ett m\u00e5ste f\u00f6r dig som vill ha en \u00e4kta snusupplevelse med svensk tradition i varje prilla.<\/p>\n<p data-start=\"2008\" data-end=\"2092\">\ud83d\udc49 <strong data-start=\"2011\" data-end=\"2092\">Best\u00e4ll Ettan Original Portion idag \u2013 och k\u00e4nn smaken av svensk snushistoria.<\/strong><\/p>","protected":false},"excerpt":{"rendered":"<h1 data-start=\"320\" data-end=\"355\">\ud83d\udfe4 <strong data-start=\"327\" data-end=\"353\">Ettan Original Portion<\/strong><\/h1>\n<h2 data-start=\"356\" data-end=\"420\"><strong data-start=\"356\" data-end=\"420\">\ud83d\udfe4 Ren Tobakssmak med Anor \u2013 Svenskt Originalsnus sedan 1822<\/strong><\/h2>\n<p><strong data-start=\"2172\" data-end=\"2198\">Ettan Original Portion<\/strong> \u2013 ren tobakssmak med naturlig s\u00e4lta och r\u00f6kighet. Fuktig originalportion f\u00f6r snabb och kraftfull smakrelease. Ett svenskt snus med historia och karakt\u00e4r.<\/p>\n<p>\ud83d\udc49 <strong data-start=\"2011\" data-end=\"2092\">Best\u00e4ll Ettan Original Portion idag \u2013 och k\u00e4nn smaken av svensk snushistoria.<\/strong><\/p>","protected":false},"featured_media":61214,"comment_status":"open","ping_status":"closed","template":"","meta":[],"product_brand":[367],"product_cat":[85,362,73,368],"product_tag":[],"class_list":{"0":"post-52938","1":"product","2":"type-product","3":"status-publish","4":"has-post-thumbnail","6":"product_brand-ettan","7":"product_cat-ettan","8":"product_cat-original-portion","9":"product_cat-portionssnus","10":"product_cat-snus-tobakssnus-traditionellt-snus","12":"first","13":"instock","14":"taxable","15":"shipping-taxable","16":"purchasable","17":"product-type-variable"},"_links":{"self":[{"href":"https:\/\/veloop.se\/sv\/wp-json\/wp\/v2\/product\/52938","targetHints":{"allow":["GET"]}}],"collection":[{"href":"https:\/\/veloop.se\/sv\/wp-json\/wp\/v2\/product"}],"about":[{"href":"https:\/\/veloop.se\/sv\/wp-json\/wp\/v2\/types\/product"}],"replies":[{"embeddable":true,"href":"https:\/\/veloop.se\/sv\/wp-json\/wp\/v2\/comments?post=52938"}],"version-history":[{"count":0,"href":"https:\/\/veloop.se\/sv\/wp-json\/wp\/v2\/product\/52938\/revisions"}],"wp:featuredmedia":[{"embeddable":true,"href":"https:\/\/veloop.se\/sv\/wp-json\/wp\/v2\/media\/61214"}],"wp:attachment":[{"href":"https:\/\/veloop.se\/sv\/wp-json\/wp\/v2\/media?parent=52938"}],"wp:term":[{"taxonomy":"product_brand","embeddable":true,"href":"https:\/\/veloop.se\/sv\/wp-json\/wp\/v2\/product_brand?post=52938"},{"taxonomy":"product_cat","embeddable":true,"href":"https:\/\/veloop.se\/sv\/wp-json\/wp\/v2\/product_cat?post=52938"},{"taxonomy":"product_tag","embeddable":true,"href":"https:\/\/veloop.se\/sv\/wp-json\/wp\/v2\/product_tag?post=52938"}],"curies":[{"name":"wp","href":"https:\/\/api.w.org\/{rel}","templated":true}]}}