{"id":52928,"date":"2025-05-23T16:56:25","date_gmt":"2025-05-23T16:56:25","guid":{"rendered":"https:\/\/veloop.se\/?post_type=product&#038;p=52928"},"modified":"2025-07-25T15:14:03","modified_gmt":"2025-07-25T15:14:03","slug":"odens-lakrits-portionssnus","status":"publish","type":"product","link":"https:\/\/veloop.se\/sv\/produkt\/odens-lakrits-portionssnus\/","title":{"rendered":"Odens Lakrits Portionssnus"},"content":{"rendered":"<article class=\"product-text\">Odens Lakrits Portion \u00e4r ett portionssnus med \u00a0smak av lakrits i kombination med klassisk tobak. Mild med en traditionell s\u00e4lta och en djup s\u00f6tlakritssmak.<\/article>\n<article class=\"product-text\">Oden&#8217;s Lakrits Portion \u00e4r ett portionssnus fr\u00e5n den svenska producenten Gajane. Lakritssmaken \u00e4r p\u00e5taglig och kombineras med en klassisk tobakssmak. \u00a0Med en tillsatt s\u00e4lta f\u00e5r snuset en traditionell svensk snussmak som blandas med den djupa lakritssmaken. Dosan har dessutom en design inspirerad av nordisk mytologi. Kolla g\u00e4rna in resten av Oden&#8217;s sortiment.<\/p>\n<table class=\"product-specs\">\n<thead>\n<tr>\n<th>Fakta om produkten<\/th>\n<th class=\"text-right\"><\/th>\n<\/tr>\n<\/thead>\n<tbody>\n<tr>\n<td class=\"spec-key\">Varum\u00e4rke<\/td>\n<td class=\"spec-value text-right\">Odens<\/td>\n<\/tr>\n<tr>\n<td class=\"spec-key\">Produkttyp<\/td>\n<td class=\"spec -value text-right\">original portion<\/td>\n<\/tr>\n<tr>\n<td class=\"spec-key\">Nikotinstyrka<\/td>\n<td class=\"spec -value text-right\">normal<\/td>\n<\/tr>\n<tr>\n<td class=\"spec-key\">Nikotinhalt<\/td>\n<td class=\"spec -value text-right\">9 mg\/g<\/td>\n<\/tr>\n<tr>\n<td class=\"spec-key\">Smak<\/td>\n<td class=\"spec -value text-right\">Lakrits<\/td>\n<\/tr>\n<tr>\n<td class=\"spec-key\">Inneh\u00e5ll\/f\u00f6rpackning<\/td>\n<td class=\"spec -value text-right\">20 g<\/td>\n<\/tr>\n<tr>\n<td class=\"spec-key\">Snustyp<\/td>\n<td class=\"spec -value text-right\">Portion<\/td>\n<\/tr>\n<tr>\n<td class=\"spec-key\">Format<\/td>\n<td class=\"spec -value text-right\">Normal<\/td>\n<\/tr>\n<tr>\n<td class=\"spec-key\">Producent<\/td>\n<td class=\"spec-value text-right\">GN Tobacco<\/td>\n<\/tr>\n<\/tbody>\n<\/table>\n<\/article>","protected":false},"excerpt":{"rendered":"<p>Odens Lakrits Portion \u00e4r ett portionssnus med \u00a0smak av lakrits i kombination med klassisk tobak. Mild med en traditionell s\u00e4lta och en djup s\u00f6tlakritssmak.<\/p>","protected":false},"featured_media":16757,"comment_status":"open","ping_status":"closed","template":"","meta":[],"product_brand":[424],"product_cat":[108,73,368],"product_tag":[],"class_list":{"0":"post-52928","1":"product","2":"type-product","3":"status-publish","4":"has-post-thumbnail","6":"product_brand-odens","7":"product_cat-odens","8":"product_cat-portionssnus","9":"product_cat-snus-tobakssnus-traditionellt-snus","11":"first","12":"instock","13":"taxable","14":"shipping-taxable","15":"purchasable","16":"product-type-variable"},"_links":{"self":[{"href":"https:\/\/veloop.se\/sv\/wp-json\/wp\/v2\/product\/52928","targetHints":{"allow":["GET"]}}],"collection":[{"href":"https:\/\/veloop.se\/sv\/wp-json\/wp\/v2\/product"}],"about":[{"href":"https:\/\/veloop.se\/sv\/wp-json\/wp\/v2\/types\/product"}],"replies":[{"embeddable":true,"href":"https:\/\/veloop.se\/sv\/wp-json\/wp\/v2\/comments?post=52928"}],"version-history":[{"count":0,"href":"https:\/\/veloop.se\/sv\/wp-json\/wp\/v2\/product\/52928\/revisions"}],"wp:featuredmedia":[{"embeddable":true,"href":"https:\/\/veloop.se\/sv\/wp-json\/wp\/v2\/media\/16757"}],"wp:attachment":[{"href":"https:\/\/veloop.se\/sv\/wp-json\/wp\/v2\/media?parent=52928"}],"wp:term":[{"taxonomy":"product_brand","embeddable":true,"href":"https:\/\/veloop.se\/sv\/wp-json\/wp\/v2\/product_brand?post=52928"},{"taxonomy":"product_cat","embeddable":true,"href":"https:\/\/veloop.se\/sv\/wp-json\/wp\/v2\/product_cat?post=52928"},{"taxonomy":"product_tag","embeddable":true,"href":"https:\/\/veloop.se\/sv\/wp-json\/wp\/v2\/product_tag?post=52928"}],"curies":[{"name":"wp","href":"https:\/\/api.w.org\/{rel}","templated":true}]}}