{"id":52890,"date":"2025-05-23T16:56:23","date_gmt":"2025-05-23T16:56:23","guid":{"rendered":"https:\/\/veloop.se\/?post_type=product&#038;p=52890"},"modified":"2025-07-14T09:49:21","modified_gmt":"2025-07-14T09:49:21","slug":"frunk-bar-mesh-blueberry-cherry-cranberry-engangs-vape-20mg","status":"publish","type":"product","link":"https:\/\/veloop.se\/sv\/produkt\/frunk-bar-mesh-blueberry-cherry-cranberry-engangs-vape-20mg\/","title":{"rendered":"Frunk Bar Mesh | Blueberry Cherry Cranberry | Eng\u00e5ngs Vape | 20mg"},"content":{"rendered":"<div class=\"product__description rte quick-add-hidden\">\n<h2><strong>Frunk Bar Mesh | Blueberry Cherry Cranberry<\/strong><\/h2>\n<h3>Smak av bl\u00e5b\u00e4r, k\u00f6rsb\u00e4r och tranb\u00e4r.<\/h3>\n<header class=\"product-header\" role=\"banner\">\n<div class=\"short description product-short-description\">Bl\u00e5b\u00e4r, K\u00f6rsb\u00e4r, Tranb\u00e4r | 20mg Nikotinsalt, ca 800 bloss\/puffar<\/div>\n<\/header>\n<h3>Frunk Bar Mesh &#8211; Vape &amp; Eng\u00e5ngspod &#8211; fylld med 2ml E-juice\u00a0&#8211; Salt 20mg &#8211; Mesh coil<\/h3>\n<ul>\n<li><strong>Nikotinsalt 20mg Vg50\/Pg50<\/strong><\/li>\n<li><strong>En pod ger 800 bloss*<\/strong><\/li>\n<li><strong>32 olika smakprofiler<\/strong><\/li>\n<li><strong>Mesh-coil som ger b\u00e4ttre smak och upplevelse<\/strong><\/li>\n<\/ul>\n<h3>Frunk Bar Mesh\u00a0&#8211;\u00a0Kompakt och smakintensiv eng\u00e5ngsvape<\/h3>\n<p><strong>Frunk Bar passar l\u00e4tt in i din vardag utan att vara besv\u00e4rlig eller komplicerad.<\/strong><\/p>\n<p>Diskret l\u00e4ttanv\u00e4nd och med 32 olika smakprofiler\u00a0f\u00f6r att passa alla.<\/p>\n<p>Frunk Bar Mesh 800\u00a0anv\u00e4nder sig av mesh-coils vilket ger starkare och l\u00e5ngvarig smak med st\u00f6rre \u00e5ngproduktion som p\u00e5minner mer om st\u00f6rre vapes.<\/p>\n<p>Frunk Bar Mesh\u00a0Saltnikotin poddar \u00e4r ett smidigt s\u00e4tt som f\u00f6renklar din vardag och g\u00f6r e-cigg tillg\u00e4ngligt f\u00f6r alla som tidigare tvekat p\u00e5 grund av r\u00e4dsla f\u00f6r strul eller att det skulle vara omst\u00e4ndligt.<\/p>\n<p>Kompakt men fortfarande effektiv s\u00e5 det finns inget behov av att kompensera med en st\u00f6rre och kraftfullare maskin utan passar l\u00e4ttare in i din vardag utan besv\u00e4r eller att v\u00e4cka uppm\u00e4rksamhet.<\/p>\n<p>En pod ger 800 bloss* och motsvarar ca 60 cigaretter f\u00f6r en\u00a0\u00a0r\u00f6kare. Ofta beh\u00f6ver man inte mer \u00e4n ett par bloss f\u00f6r att d\u00e4mpa suget s\u00e5 vi rekommenderar att du anpassar rutinen efter dina personliga behov.<\/p>\n<\/div>\n<p>&nbsp;<\/p>","protected":false},"excerpt":{"rendered":"<p><strong>Frunk Bar passar l\u00e4tt in i din vardag utan att vara besv\u00e4rlig eller komplicerad.<\/strong><\/p>\n<p>Diskret l\u00e4ttanv\u00e4nd och med 32 olika smakprofiler\u00a0f\u00f6r att passa alla.<\/p>\n<p>Frunk Bar Mesh 800\u00a0anv\u00e4nder sig av mesh-coils vilket ger starkare och l\u00e5ngvarig smak med st\u00f6rre \u00e5ngproduktion som p\u00e5minner mer om st\u00f6rre vapes.<\/p>\n<p>Frunk Bar Mesh\u00a0Saltnikotin poddar \u00e4r ett smidigt s\u00e4tt som f\u00f6renklar din vardag och g\u00f6r e-cigg tillg\u00e4ngligt f\u00f6r alla som tidigare tvekat p\u00e5 grund av r\u00e4dsla f\u00f6r strul eller att det skulle vara omst\u00e4ndligt.<\/p>","protected":false},"featured_media":16712,"comment_status":"open","ping_status":"closed","template":"","meta":[],"product_brand":[],"product_cat":[42,156,157],"product_tag":[],"class_list":{"0":"post-52890","1":"product","2":"type-product","3":"status-publish","4":"has-post-thumbnail","6":"product_cat-e-cigg","7":"product_cat-engangs-vape","8":"product_cat-frunk-bar","10":"first","11":"instock","12":"taxable","13":"shipping-taxable","14":"purchasable","15":"product-type-simple"},"_links":{"self":[{"href":"https:\/\/veloop.se\/sv\/wp-json\/wp\/v2\/product\/52890","targetHints":{"allow":["GET"]}}],"collection":[{"href":"https:\/\/veloop.se\/sv\/wp-json\/wp\/v2\/product"}],"about":[{"href":"https:\/\/veloop.se\/sv\/wp-json\/wp\/v2\/types\/product"}],"replies":[{"embeddable":true,"href":"https:\/\/veloop.se\/sv\/wp-json\/wp\/v2\/comments?post=52890"}],"version-history":[{"count":0,"href":"https:\/\/veloop.se\/sv\/wp-json\/wp\/v2\/product\/52890\/revisions"}],"wp:featuredmedia":[{"embeddable":true,"href":"https:\/\/veloop.se\/sv\/wp-json\/wp\/v2\/media\/16712"}],"wp:attachment":[{"href":"https:\/\/veloop.se\/sv\/wp-json\/wp\/v2\/media?parent=52890"}],"wp:term":[{"taxonomy":"product_brand","embeddable":true,"href":"https:\/\/veloop.se\/sv\/wp-json\/wp\/v2\/product_brand?post=52890"},{"taxonomy":"product_cat","embeddable":true,"href":"https:\/\/veloop.se\/sv\/wp-json\/wp\/v2\/product_cat?post=52890"},{"taxonomy":"product_tag","embeddable":true,"href":"https:\/\/veloop.se\/sv\/wp-json\/wp\/v2\/product_tag?post=52890"}],"curies":[{"name":"wp","href":"https:\/\/api.w.org\/{rel}","templated":true}]}}